{"id":480,"date":"2017-11-10T08:47:30","date_gmt":"2017-11-10T07:47:30","guid":{"rendered":"http:\/\/integromed-innovation.de\/?page_id=480"},"modified":"2018-05-25T10:43:47","modified_gmt":"2018-05-25T08:43:47","slug":"impressum","status":"publish","type":"page","link":"https:\/\/integromed-innovation.de\/en\/impressum\/","title":{"rendered":"Impressum"},"content":{"rendered":"<p>[vc_row][vc_column][vc_custom_heading text=&#8221;Impressum&#8221; font_container=&#8221;tag:h2|text_align:left|color:%2355595d&#8221; use_theme_fonts=&#8221;yes&#8221; css=&#8221;.vc_custom_1510299945541{margin-bottom: 45px !important;}&#8221;][vc_column_text]<strong>Firma<\/strong><\/p>\n<p>Integromed GmbH<br \/>\nZimmerstra\u00dfe 1<br \/>\n04109 Leipzig<br \/>\nDeutschland \/ Germany<\/p>\n<p>Gesch\u00e4ftsf\u00fchrer: Elamin El Hadi, Ibrahim Soliman<\/p>\n<p>Handelsregister: Amtsgericht Leipzig<br \/>\nHRB 28062<\/p>\n<p>Tel. +49 (0)341 222298\u00a0\u2013\u00a00<br \/>\nFax +49 (0)341 222298 \u2013 70<br \/>\nE-Mail: info(at)integromed.de<\/p>\n<p>Web Site : www.integromed.de<\/p>\n<p>UstIdNr. DE280450430<\/p>\n<p>&nbsp;<\/p>\n<p><strong>Fotonachweise<\/strong><\/p>\n<p>Fotos auf der Seite Innovationen\/Innovations au\u00dfer Fotos zum NATURELux:<em><br \/>\n<\/em>Christop Gorke<\/p>\n<p>Fotos auf der Seite Innovationen\/Innovations zum NATURELux:<em><br \/>\n<\/em>Daniel Richter<\/p>\n<p>Fotos auf der Seite SENSOClean und SID<em>:<br \/>\n<\/em>Christop Gorke<\/p>\n<p>Fotos auf der Seite NATURELux:<em><br \/>\n<\/em>Daniel Richter<\/p>\n<p>&nbsp;<\/p>\n<p><strong>Allgemeines<\/strong><\/p>\n<p>Als seri\u00f6ser Anbieter und Dienstleister sind wir bestrebt, uns stets redlich, richtig und gesetzeskonform zu verhalten. Unter diesem Gesichtspunkt wurde auch unsere Website erstellt. Alle Inhalte, Erkl\u00e4rungen, Verlinkungen und sonstigen Informationen wurden nach bestem Wissen und Gewissen erstellt.<\/p>\n<p>&nbsp;<\/p>\n<p><strong>Haftung f\u00fcr Inhalte<\/strong><\/p>\n<p>Diese Website und ihre Inhalte wurden von uns mit gr\u00f6\u00dftm\u00f6glicher Sorgfalt erstellt. F\u00fcr die Richtigkeit, Vollst\u00e4ndigkeit und Aktualit\u00e4t der Inhalte wird jedoch keine Gew\u00e4hr \u00fcbernommen.<\/p>\n<p>Gem\u00e4\u00df \u00a77 I TMG obliegt uns die Verantwortung f\u00fcr eigene Inhalte. Uns trifft jedoch keine Verpflichtung, \u00fcbermittelte oder gespeicherte fremde Informationen zu \u00fcberwachen oder nach Umst\u00e4nden zu forschen, die auf rechtswidriges Verhalten bzw. rechtswidrige T\u00e4tigkeiten hinweisen. Dies trifft nicht auf explizite gesetzliche Verpflichtungen zur Entfernung bzw. Sperrung von Informationen zu. Vor dem Zeitpunkt der Kenntnis einer konkreten Rechtsverletzung ist jedoch keine Haftung m\u00f6glich. Sollte uns eine solche Verletzung zur Kenntnis gelangen, werden wir die betroffenen Inhalte unverz\u00fcglich entfernen.<\/p>\n<p>&nbsp;<\/p>\n<p><strong>Haftung f\u00fcr Links<\/strong><\/p>\n<p>Unsere Internetpr\u00e4senz enth\u00e4lt Links zu externen Webseiten Dritter. Auf deren Inhalte haben wir nat\u00fcrlich keinen Einfluss, weshalb wir keine Gew\u00e4hr f\u00fcr den Inhalt dieser Seiten \u00fcbernehmen k\u00f6nnen. F\u00fcr die entsprechenden Inhalte ist der jeweilige Betreiber respektive der Anbieter der Seiten allein verantwortlich. Als wir die Verlinkungen gesetzt haben, haben wir alle entsprechenden Seiten mit gr\u00f6\u00dfter Sorgfalt auf etwaige Verst\u00f6\u00dfe gepr\u00fcft. Solche Verst\u00f6\u00dfe bzw. rechtswidrige Inhalte lagen zum Zeitpunkt der \u00dcberpr\u00fcfung nicht vor. Eine Verpflichtung zur permanenten inhaltlichen Kontrolle dieser verlinkten Seiten w\u00e4re ohne konkreten Anhaltspunkt einer Rechtsverletzung unzumutbar und kann uns daher nicht treffen. Sollten wir allerdings Kenntnis einer Rechtsverletzung erlangen, werden wir die Verlinkung umgehend entfernen.<\/p>\n<p>&nbsp;<\/p>\n<p><strong>Urheberrecht<\/strong><\/p>\n<p>Die durch uns erstellten Inhalte und Werke auf diesen Seiten unterliegen allesamt dem deutschen Urheberrecht. Die Vervielf\u00e4ltigung, Bearbeitung, Verbreitung und jede Art der Verwertung au\u00dferhalb der Grenzen des Urheberrechts bed\u00fcrfen der schriftlichen Zustimmung des jeweiligen Autors bzw. Erstellers. Die Nutzung unserer Internetpr\u00e4senz oder deren Inhalte f\u00fcr kommerzielle Zwecke, ist nur nach vorheriger Genehmigung durch uns m\u00f6glich. Wir behalten uns ausdr\u00fccklich das Recht vor, bestimmte kommerzielle Nutzungen zu untersagen. Inhalte Dritter auf dieser Seite, die nicht vom Betreiber erstellt wurden, werden unter Beachtung der jeweiligen Urheberrechte verwendet und entsprechend als solche gekennzeichnet. Sollten Sie trotzdem auf eine Urheberrechtsverletzung aufmerksam werden, bitten wir Sie h\u00f6flichst um einen entsprechenden Hinweis. Sobald uns etwaige Rechtsverletzungen bekannt werden, werden wir alle n\u00f6tigen Schritte unternehmen, diese sofort und dauerhaft zu unterlassen, bzw. daf\u00fcr Sorge zu tragen, dass solche unterbleiben.<\/p>\n<p>&nbsp;<\/p>\n<p><strong>Verbraucherhinweis:<\/strong><\/p>\n<p>Hinweis zur Online-Streitbeilegung gem\u00e4\u00df Art. 14 Abs. 1 ODR-VO: Die Europ\u00e4ische Kommission stellt eine Plattform zur Online-Streitbeilegung (OS) bereit, die Sie unter ec.europa.eu\/consumers\/odr\/ finden.[\/vc_column_text][\/vc_column][\/vc_row]<\/p>\n","protected":false},"excerpt":{"rendered":"<p>[vc_row][vc_column][vc_custom_heading text=&#8221;Impressum&#8221; font_container=&#8221;tag:h2|text_align:left|color:%2355595d&#8221; use_theme_fonts=&#8221;yes&#8221; css=&#8221;.vc_custom_1510299945541{margin-bottom: 45px !important;}&#8221;][vc_column_text]Firma Integromed GmbH Zimmerstra\u00dfe 1 04109 Leipzig Deutschland \/ Germany Gesch\u00e4ftsf\u00fchrer: Elamin El Hadi, Ibrahim Soliman Handelsregister: Amtsgericht Leipzig HRB 28062 Tel. +49 (0)341 222298\u00a0\u2013\u00a00 Fax +49 (0)341 222298 \u2013 70 E-Mail: info(at)integromed.de Web Site : www.integromed.de UstIdNr. DE280450430 &nbsp; Fotonachweise Fotos auf der Seite Innovationen\/Innovations au\u00dfer Fotos zum&hellip;<\/p>\n","protected":false},"author":1,"featured_media":0,"parent":0,"menu_order":0,"comment_status":"closed","ping_status":"closed","template":"","meta":[],"_links":{"self":[{"href":"https:\/\/integromed-innovation.de\/en\/wp-json\/wp\/v2\/pages\/480"}],"collection":[{"href":"https:\/\/integromed-innovation.de\/en\/wp-json\/wp\/v2\/pages"}],"about":[{"href":"https:\/\/integromed-innovation.de\/en\/wp-json\/wp\/v2\/types\/page"}],"author":[{"embeddable":true,"href":"https:\/\/integromed-innovation.de\/en\/wp-json\/wp\/v2\/users\/1"}],"replies":[{"embeddable":true,"href":"https:\/\/integromed-innovation.de\/en\/wp-json\/wp\/v2\/comments?post=480"}],"version-history":[{"count":0,"href":"https:\/\/integromed-innovation.de\/en\/wp-json\/wp\/v2\/pages\/480\/revisions"}],"wp:attachment":[{"href":"https:\/\/integromed-innovation.de\/en\/wp-json\/wp\/v2\/media?parent=480"}],"curies":[{"name":"wp","href":"https:\/\/api.w.org\/{rel}","templated":true}]}}